{"id":6302,"date":"2022-08-20T21:40:01","date_gmt":"2022-08-21T02:40:01","guid":{"rendered":"https:\/\/networkssl.com\/?page_id=6302"},"modified":"2025-10-09T15:20:38","modified_gmt":"2025-10-09T20:20:38","slug":"6302-2","status":"publish","type":"page","link":"https:\/\/networkssl.com\/index.php\/6302-2\/","title":{"rendered":"Procesos de aprobaci\u00f3n"},"content":{"rendered":"<p>[et_pb_section fb_built=\u00bb1&#8243; admin_label=\u00bbHeader\u00bb _builder_version=\u00bb4.17.4&#8243; _module_preset=\u00bbdefault\u00bb use_background_color_gradient=\u00bbon\u00bb background_color_gradient_direction=\u00bb181deg\u00bb background_color_gradient_stops=\u00bb#2b87da 16%|rgba(221, 236, 249, 1) 75%|#eceff1 91%|#ffffff 99%\u00bb background_enable_image=\u00bboff\u00bb parallax=\u00bbon\u00bb max_width=\u00bb90%\u00bb max_width_tablet=\u00bb\u00bb max_width_phone=\u00bb\u00bb max_width_last_edited=\u00bbon|desktop\u00bb module_alignment=\u00bbcenter\u00bb min_height=\u00bb204.6px\u00bb custom_margin=\u00bb||||false|false\u00bb custom_padding=\u00bb1vw||0vw||false|false\u00bb bottom_divider_style=\u00bbwave\u00bb bottom_divider_color=\u00bb#ffffff\u00bb bottom_divider_repeat=\u00bb1x\u00bb animation_style=\u00bbslide\u00bb animation_direction=\u00bbbottom\u00bb animation_intensity_slide=\u00bb1%\u00bb border_radii=\u00bbon|30px|30px|30px|30px\u00bb locked=\u00bboff\u00bb global_colors_info=\u00bb{}\u00bb theme_builder_area=\u00bbpost_content\u00bb][et_pb_row module_class=\u00bb et_pb_row_fullwidth\u00bb _builder_version=\u00bb4.16&#8243; _module_preset=\u00bbdefault\u00bb width=\u00bb89%\u00bb width_tablet=\u00bb80%\u00bb width_phone=\u00bb80%\u00bb width_last_edited=\u00bbon|desktop\u00bb max_width=\u00bb89%\u00bb max_width_tablet=\u00bb80%\u00bb max_width_phone=\u00bb80%\u00bb max_width_last_edited=\u00bbon|desktop\u00bb custom_margin=\u00bb-14px|auto||auto||\u00bb custom_padding=\u00bb7px|||||\u00bb animation_style=\u00bbslide\u00bb animation_direction=\u00bbleft\u00bb animation_intensity_slide=\u00bb10%\u00bb make_fullwidth=\u00bbon\u00bb global_colors_info=\u00bb{}\u00bb theme_builder_area=\u00bbpost_content\u00bb][et_pb_column type=\u00bb4_4&#8243; _builder_version=\u00bb4.16&#8243; _module_preset=\u00bbdefault\u00bb custom_padding=\u00bb|||\u00bb global_colors_info=\u00bb{}\u00bb custom_padding__hover=\u00bb|||\u00bb theme_builder_area=\u00bbpost_content\u00bb][et_pb_text _builder_version=\u00bb4.17.4&#8243; _module_preset=\u00bbdefault\u00bb text_font=\u00bb||||||||\u00bb header_font=\u00bbPoppins|900|on|on|||||\u00bb header_font_size=\u00bb3vw\u00bb header_letter_spacing=\u00bb0.1em\u00bb header_line_height=\u00bb1.2em\u00bb header_2_font=\u00bbPoppins|900|on|on|||||\u00bb header_2_text_color=\u00bbrgba(255,255,255,0.7)\u00bb header_2_font_size=\u00bb2vw\u00bb header_2_letter_spacing=\u00bb0.5em\u00bb header_2_line_height=\u00bb1.4em\u00bb text_orientation=\u00bbcenter\u00bb background_layout=\u00bbdark\u00bb custom_margin=\u00bb||-20px|||\u00bb custom_padding=\u00bb25px|||||\u00bb hover_enabled=\u00bb0&#8243; header_font_size_tablet=\u00bb50px\u00bb header_font_size_phone=\u00bb30px\u00bb header_font_size_last_edited=\u00bbon|phone\u00bb header_2_font_size_tablet=\u00bb30px\u00bb header_2_font_size_phone=\u00bb20px\u00bb header_2_font_size_last_edited=\u00bbon|phone\u00bb header_text_shadow_style=\u00bbpreset4&#8243; header_text_shadow_color=\u00bbrgba(0,0,0,0.15)\u00bb global_colors_info=\u00bb{}\u00bb header_3_font_size__hover=\u00bb22px\u00bb header_3_font_size__hover_enabled=\u00bb22px\u00bb header_3_letter_spacing__hover=\u00bb0px\u00bb header_3_letter_spacing__hover_enabled=\u00bb0px\u00bb header_3_line_height__hover=\u00bb1em\u00bb header_3_line_height__hover_enabled=\u00bb1em\u00bb header_3_text_shadow_style__hover=\u00bbnone\u00bb header_3_text_shadow_style__hover_enabled=\u00bbnone\u00bb header_3_text_shadow_color__hover=\u00bbrgba(0,0,0,0.4)\u00bb header_3_text_shadow_color__hover_enabled=\u00bbrgba(0,0,0,0.4)\u00bb header_4_font_size__hover=\u00bb18px\u00bb header_4_font_size__hover_enabled=\u00bb18px\u00bb header_4_letter_spacing__hover=\u00bb0px\u00bb header_4_letter_spacing__hover_enabled=\u00bb0px\u00bb header_4_line_height__hover=\u00bb1em\u00bb header_4_line_height__hover_enabled=\u00bb1em\u00bb header_4_text_shadow_style__hover=\u00bbnone\u00bb header_4_text_shadow_style__hover_enabled=\u00bbnone\u00bb header_4_text_shadow_color__hover=\u00bbrgba(0,0,0,0.4)\u00bb header_4_text_shadow_color__hover_enabled=\u00bbrgba(0,0,0,0.4)\u00bb header_5_font_size__hover=\u00bb16px\u00bb header_5_font_size__hover_enabled=\u00bb16px\u00bb header_5_letter_spacing__hover=\u00bb0px\u00bb header_5_letter_spacing__hover_enabled=\u00bb0px\u00bb header_5_line_height__hover=\u00bb1em\u00bb header_5_line_height__hover_enabled=\u00bb1em\u00bb header_5_text_shadow_style__hover=\u00bbnone\u00bb header_5_text_shadow_style__hover_enabled=\u00bbnone\u00bb header_5_text_shadow_color__hover=\u00bbrgba(0,0,0,0.4)\u00bb header_5_text_shadow_color__hover_enabled=\u00bbrgba(0,0,0,0.4)\u00bb header_6_font_size__hover=\u00bb14px\u00bb header_6_font_size__hover_enabled=\u00bb14px\u00bb header_6_letter_spacing__hover=\u00bb0px\u00bb header_6_letter_spacing__hover_enabled=\u00bb0px\u00bb header_6_line_height__hover=\u00bb1em\u00bb header_6_line_height__hover_enabled=\u00bb1em\u00bb header_6_text_shadow_style__hover=\u00bbnone\u00bb header_6_text_shadow_style__hover_enabled=\u00bbnone\u00bb header_6_text_shadow_color__hover=\u00bbrgba(0,0,0,0.4)\u00bb header_6_text_shadow_color__hover_enabled=\u00bbrgba(0,0,0,0.4)\u00bb theme_builder_area=\u00bbpost_content\u00bb sticky_enabled=\u00bb0&#8243;]<\/p>\n<h1>Procesos de aprobaci\u00f3n<\/h1>\n<p>&nbsp;<\/p>\n<h2><\/h2>\n<p>[\/et_pb_text][\/et_pb_column][\/et_pb_row][\/et_pb_section][et_pb_section fb_built=\u00bb1&#8243; theme_builder_area=\u00bbpost_content\u00bb _builder_version=\u00bb4.17.6&#8243; _module_preset=\u00bbdefault\u00bb][et_pb_row _builder_version=\u00bb4.17.6&#8243; _module_preset=\u00bbdefault\u00bb global_colors_info=\u00bb{}\u00bb locked=\u00bboff\u00bb theme_builder_area=\u00bbpost_content\u00bb][et_pb_column type=\u00bb4_4&#8243; _builder_version=\u00bb4.17.6&#8243; _module_preset=\u00bbdefault\u00bb global_colors_info=\u00bb{}\u00bb theme_builder_area=\u00bbpost_content\u00bb][et_pb_text _builder_version=\u00bb4.17.6&#8243; _module_preset=\u00bbdefault\u00bb text_font=\u00bbPoppins||||||||\u00bb background_color=\u00bb#eaf2f8&#8243; text_orientation=\u00bbjustified\u00bb custom_padding=\u00bb20px|20px|20px|20px|false|false\u00bb border_radii=\u00bbon|6px|6px|6px|6px\u00bb global_colors_info=\u00bb{}\u00bb theme_builder_area=\u00bbpost_content\u00bb]<\/p>\n<ol>\n<li><span style=\"font-size: medium;\"><strong>Para los certificados de tipo DV<\/strong><\/span>, se requiere la aprobaci\u00f3n de derechos de dominio, el cual se realiza mediante alguna de las siguientes opciones:<strong><\/strong><\/li>\n<\/ol>\n<p><strong>a. <em>Mediante correo electr\u00f3nico<\/em><\/strong>. Este m\u00e9todo consiste en que la entidad certificadora env\u00eda un correo solicitando la aprobaci\u00f3n de derechos de dominio. Al ingresar al correo y aprobar, el dominio quedar\u00e1 habilitado. Para ello, se han establecido 5 cuentas de correo. A saber.<\/p>\n<ul>\n<li>admin<\/li>\n<li>administrator<\/li>\n<li>hostmaster<\/li>\n<li>webmaster<\/li>\n<li>postmaster<\/li>\n<\/ul>\n<p>A manera de ejemplo, si solicitamos un certificado para el dominio soporte.networkssl.com, el correo ser\u00e1 enviado a <a href=\"mailto:admin@networkssl.com\">admin@networkssl.com<\/a>, <a href=\"mailto:administrator@networkssl.com\">administrator@networkssl.com, hostmaster<\/a><a href=\"mailto:admin@networkssl.com\">@networkssl.com, webmaster<\/a><a href=\"mailto:admin@networkssl.com\">@networkssl.com, postmaster<\/a><a href=\"mailto:admin@networkssl.com\">@networkssl.com.<\/a><\/p>\n<p>Si no tienes creada ninguna de las 5 cuentas, puedes crearla con anticipaci\u00f3n. As\u00ed, cuando solicites el certificado, solo tendr\u00e1s que indicar a cu\u00e1l de las 5 cuentas necesitas que te env\u00eden el correo de aprobaci\u00f3n de derechos de dominio, y el proceso de emisi\u00f3n ser\u00e1 m\u00e1s r\u00e1pido.<\/p>\n<p>Si definitivamente no puedes acceder a ninguna de las 5 cuentas de correo, puedes utilizar el segundo m\u00e9todo.<\/p>\n<p><strong>b.<em> Registro DNS TXT<\/em><\/strong><em>.<\/em> Consiste en la publicaci\u00f3n de un token. Para este m\u00e9todo, la entidad certificadora entrega una cadena de caracteres (token), el cual se debe publicar normalmente en la consola de administraci\u00f3n del dominio. El token se publica como TXT a nivel de DNS. Puedes encontrar un ejemplo de publicaci\u00f3n <a href=\"https:\/\/developers.cloudflare.com\/dns\/manage-dns-records\/how-to\/create-dns-records\">aqu\u00ed<\/a>.<\/p>\n<p><strong>c. <em>Demostraci\u00f3n pr\u00e1ctica de http<\/em><\/strong>. El tercer m\u00e9todo se usa para la aprobaci\u00f3n de direcciones IP. En realidad, para a probaci\u00f3n de direcciones IP solo se puede usar este m\u00e9todo. La demostraci\u00f3n pr\u00e1ctica de http consiste en la publicaci\u00f3n del token en el servidor donde se aloja el sitio web que queremos proteger. El proceso consiste en ingresar a la carpeta ra\u00edz del servidor, crear una carpeta llamada <strong><em>.well-known<\/em><\/strong>. Dentro de esta carpeta se debe crear otra carpeta llamada <strong><em>pki-validation<\/em><\/strong> y dentro de la segunda carpeta se crea un archivo de texto llamado <strong><em>fileauth.txt, <\/em><\/strong>donde se pega el token facilitado por la entidad certificadora<strong><em>. <\/em><\/strong>Luego se publica por http, para que la entidad certificadora pueda verificar la publicaci\u00f3n y aprobar el dominio.<\/p>\n<p>El siguiente es un ejemplo como se ver\u00e1 la URL en un navegador, la cual debe devolver el token publicado.<br \/>http:\/\/midominio.com\/.well-known\/pki-validation\/fileauth.txt<\/p>\n<p>Este m\u00e9todo se puede usar para cualquier dominio, pero presupone un esfuerzo mayor, puesto que se deben publicar dos tokens: uno para el dominio sin www y otro para el dominio con www. Solo de esta manera podr\u00e1 ser aprobado un dominio, utilizando demostraci\u00f3n pr\u00e1ctica por http.<\/p>\n<p>Puede encontrar m\u00e1s informaci\u00f3n de este m\u00e9todo <a href=\"https:\/\/www.ssldragon.com\/faq\/create-well-known-folder\/\">aqu\u00ed<\/a>.<\/p>\n<p><strong><em>e. Publicaci\u00f3n de token en el sitio web.<\/em><\/strong> Este m\u00e9todo se usa \u00fanicamente en caso de que los m\u00e9todos anteriores no se puedan realizar. Consiste en publicar el token en alguna parte visible de la p\u00e1gina, de modo que la entidad certificadora pueda ingresar al sitio y obtener el token.<\/p>\n<p>[\/et_pb_text][\/et_pb_column][\/et_pb_row][et_pb_row _builder_version=\u00bb4.17.6&#8243; _module_preset=\u00bbdefault\u00bb global_colors_info=\u00bb{}\u00bb locked=\u00bboff\u00bb theme_builder_area=\u00bbpost_content\u00bb][et_pb_column type=\u00bb4_4&#8243; _builder_version=\u00bb4.17.6&#8243; _module_preset=\u00bbdefault\u00bb global_colors_info=\u00bb{}\u00bb theme_builder_area=\u00bbpost_content\u00bb][et_pb_text _builder_version=\u00bb4.17.6&#8243; _module_preset=\u00bbdefault\u00bb text_font=\u00bbPoppins||||||||\u00bb background_color=\u00bb#fef9e7&#8243; text_orientation=\u00bbjustified\u00bb custom_padding=\u00bb20px|20px|20px|20px|true|true\u00bb global_colors_info=\u00bb{}\u00bb theme_builder_area=\u00bbpost_content\u00bb]<\/p>\n<p><strong><span style=\"font-size: 14px;\">3. <\/span><\/strong><span style=\"font-size: 14px;\"><span style=\"font-size: medium;\"><strong>Para los certificados de tipo EV<\/strong><\/span>, adem\u00e1s de la aprobaci\u00f3n de dominio y la verificaci\u00f3n de la organizaci\u00f3n, la entidad certificadora realiza una serie de verificaciones adicionales, entre ellas, confirma los datos de los contactos registrados en la solicitud del certificado. Esta confirmaci\u00f3n se realiza <\/span><strong style=\"font-size: 14px;\"><em>\u00fanicamente<\/em><\/strong><span style=\"font-size: 14px;\">, mediante llamada al tel\u00e9fono fijo de la organizaci\u00f3n publicado en alguna de las bases de informaci\u00f3n antes mencionadas.<\/span><\/p>\n<p>La llamada se puede realizar a un n\u00famero celular, siempre y cuando este se encuentre publicado, o si previamente la entidad certificadora se ha comunicado al tel\u00e9fono fijo y\u00a0en alguna extensi\u00f3n, alguien le facilita el No celular del contacto, a la persona que realiza la verificaci\u00f3n.<\/p>\n<p>Existe un m\u00e9todo alterno a la llamada de verificaci\u00f3n para la aprobaci\u00f3n de los certificados EV, que se usa solo en casos en los que la organizaci\u00f3n no cuente con l\u00edneas de tel\u00e9fono fijas, o no pueda publicarlas. Sin embargo, este m\u00e9todo es engorroso, puesto que consiste en obtener la firma de un contador registrado en el consejo superior de la judicatura. La firma se debe estampar sobre una <strong><em>carta de opini\u00f3n profesional<\/em><\/strong>, que es provista por la entidad certificadora. Una vez la entidad certificadora recibe la carta firmada, esta debe verificar los datos del contador con el consejo superior de la Judicatura. En caso de que los datos del contador no puedan ser verificados con este ente de control, la carta no tendr\u00e1 validez alguna.<\/p>\n<p><strong>\u00a0<\/strong><b>As\u00ed las cosas, dependiendo el tipo de certificado que requiera, podr\u00e1 adelantarse a las acciones solicitadas por la entidad certificadora, y agilizar la entrega del certificado, reduciendo el tiempo de emisi\u00f3n de 5 hasta 1 d\u00eda h\u00e1bil.<\/b><\/p>\n<p>[\/et_pb_text][\/et_pb_column][\/et_pb_row][et_pb_row _builder_version=\u00bb4.17.6&#8243; _module_preset=\u00bbdefault\u00bb global_colors_info=\u00bb{}\u00bb locked=\u00bboff\u00bb theme_builder_area=\u00bbpost_content\u00bb][et_pb_column type=\u00bb4_4&#8243; _builder_version=\u00bb4.17.6&#8243; _module_preset=\u00bbdefault\u00bb global_colors_info=\u00bb{}\u00bb theme_builder_area=\u00bbpost_content\u00bb][et_pb_text _builder_version=\u00bb4.17.6&#8243; _module_preset=\u00bbdefault\u00bb text_font=\u00bbPoppins||||||||\u00bb background_color=\u00bb#e8f8f5&#8243; text_orientation=\u00bbjustified\u00bb custom_margin=\u00bb||||false|false\u00bb custom_padding=\u00bb20px|20px|20px|20px|true|false\u00bb global_colors_info=\u00bb{}\u00bb theme_builder_area=\u00bbpost_content\u00bb]<\/p>\n<p>2. <span style=\"font-size: 14px;\"><span style=\"font-size: medium;\"><strong>Para los certificados de tipo OV<\/strong><\/span>, adem\u00e1s de la aprobaci\u00f3n del dominio, la entidad certificadora debe verificar que la organizaci\u00f3n solicitante se encuentra legalmente constituida. Esta verificaci\u00f3n se realiza comparando la informaci\u00f3n de <\/span><strong style=\"font-size: 14px;\"><em>nombre legal de la empresa, direcci\u00f3n y tel\u00e9fono<\/em><\/strong><span style=\"font-size: 14px;\"> enviados por el suscriptor, con la informaci\u00f3n publicada en bases p\u00fablicas de informaci\u00f3n, tales como (en Colombia), Rues, p\u00e1ginas amarillas, Hoovers. Google Maps, entre otras, las cuales deben coincidir plenamente. Las bases son tan variadas, como lo puede ser el tipo de organizaci\u00f3n solicitante. Por ejemplo, si un banco solicita un certificado, La entidad certificadora consultar\u00e1 tambi\u00e9n la base de la Superfinanciera. Si el solicitante es una entidad p\u00fablica, consultar\u00e1n el directorio de entidades p\u00fablicas que se encuentra en funci\u00f3npublica.gov.co, o alguna otra fuente gubernamental. Si el solicitante de un certificado es una instituci\u00f3n educativa, la entidad certificadora consultar\u00e1 la informaci\u00f3n de la misma en el SNIES. Si la informaci\u00f3n no coincide, la entidad certificadora solicitar\u00e1 al suscriptor que actualice la informaci\u00f3n en al menos una de dichas fuentes. Adem\u00e1s de las validaciones en bases p\u00fablicas de informaci\u00f3n, la entidad certificadora debe verificar la legalidad de la organizaci\u00f3n solicitante usando alguno de los siguientes m\u00e9todos:<\/span><\/p>\n<p><span style=\"font-size: 14px;\"><strong>a<\/strong>. <\/span><strong style=\"font-size: 14px;\"><em>Mediante una llamada al tel\u00e9fono fijo de la organizaci\u00f3n<\/em><\/strong><span style=\"font-size: 14px;\">. El n\u00famero de tel\u00e9fono fijo de la organizaci\u00f3n debe estar publicado en alguna de las bases p\u00fablicas. Puedes acelerar la emisi\u00f3n de un certificado, si previamente verificas que los datos de tu organizaci\u00f3n se encuentren actualizados en alguna de las fuentes anteriormente indicadas.<\/span><\/p>\n<p>La llamada se puede realizar a un n\u00famero celular, siempre y cuando este se encuentre publicado, o si previamente la entidad certificadora se ha comunicado al tel\u00e9fono fijo y en alguna extensi\u00f3n, alguien le facilita el No celular a la persona que realiza la verificaci\u00f3n.<\/p>\n<p><strong>b<\/strong>. <strong style=\"font-size: 14px;\"><em>Confirmaci\u00f3n de datos, mediante un correo electr\u00f3nico<\/em>. <\/strong>Se puede omitir la llamada, usando esta opci\u00f3n<strong style=\"font-size: 14px;\">. <\/strong><span style=\"font-size: 14px;\">Sin embrago, el correo tambi\u00e9n de estar publicado en alguna fuente de informaci\u00f3n y en esta opci\u00f3n se incluye el propio sitio del solicitante. Una vez verificado el correo, la entidad certificadora enviar\u00e1 la confirmaci\u00f3n de datos a dicho correo, para el suscriptor ingrese y realice la aprobaci\u00f3n. Se puede acelerar la emisi\u00f3n del certificado, si previamente el suscriptor verifica que haya un correo v\u00e1lido publicado.<\/span><\/p>\n<p>[\/et_pb_text][\/et_pb_column][\/et_pb_row][\/et_pb_section]<\/p>\n","protected":false},"excerpt":{"rendered":"<p>Procesos de aprobaci\u00f3n &nbsp; Para los certificados de tipo DV, se requiere la aprobaci\u00f3n de derechos de dominio, el cual se realiza mediante alguna de las siguientes opciones: a. Mediante correo electr\u00f3nico. Este m\u00e9todo consiste en que la entidad certificadora env\u00eda un correo solicitando la aprobaci\u00f3n de derechos de dominio. Al ingresar al correo y [&hellip;]<\/p>\n","protected":false},"author":1,"featured_media":0,"parent":0,"menu_order":0,"comment_status":"closed","ping_status":"closed","template":"","meta":{"_et_pb_use_builder":"on","_et_pb_old_content":"","_et_gb_content_width":"","footnotes":""},"class_list":["post-6302","page","type-page","status-publish","hentry"],"aioseo_notices":[],"_hostinger_reach_plugin_has_subscription_block":false,"_hostinger_reach_plugin_is_elementor":false,"_links":{"self":[{"href":"https:\/\/networkssl.com\/index.php\/wp-json\/wp\/v2\/pages\/6302","targetHints":{"allow":["GET"]}}],"collection":[{"href":"https:\/\/networkssl.com\/index.php\/wp-json\/wp\/v2\/pages"}],"about":[{"href":"https:\/\/networkssl.com\/index.php\/wp-json\/wp\/v2\/types\/page"}],"author":[{"embeddable":true,"href":"https:\/\/networkssl.com\/index.php\/wp-json\/wp\/v2\/users\/1"}],"replies":[{"embeddable":true,"href":"https:\/\/networkssl.com\/index.php\/wp-json\/wp\/v2\/comments?post=6302"}],"version-history":[{"count":7,"href":"https:\/\/networkssl.com\/index.php\/wp-json\/wp\/v2\/pages\/6302\/revisions"}],"predecessor-version":[{"id":7759,"href":"https:\/\/networkssl.com\/index.php\/wp-json\/wp\/v2\/pages\/6302\/revisions\/7759"}],"wp:attachment":[{"href":"https:\/\/networkssl.com\/index.php\/wp-json\/wp\/v2\/media?parent=6302"}],"curies":[{"name":"wp","href":"https:\/\/api.w.org\/{rel}","templated":true}]}}